{"id":34,"date":"2011-08-21T20:20:19","date_gmt":"2011-08-21T20:20:19","guid":{"rendered":"http:\/\/www.bufeteparedes.com\/main\/?page_id=34"},"modified":"2018-11-25T18:10:41","modified_gmt":"2018-11-26T00:10:41","slug":"propiedad-industrial-e-intelectual","status":"publish","type":"page","link":"http:\/\/www.bufeteparedes.com\/main\/propiedad-industrial-e-intelectual\/","title":{"rendered":"Propiedad Industrial e Intelectual"},"content":{"rendered":"<p>&nbsp;<\/p>\n<p style=\"text-align: justify;\">Prestamos asesor\u00eda en lo relativo a la adquisici\u00f3n, mantenimiento y protecci\u00f3n de los signos distintivos, de las patentes de invenci\u00f3n, de los modelos de utilidad y de los dise\u00f1os industriales, as\u00ed como la protecci\u00f3n de los secretos empresariales y todo lo relacionado con la protecci\u00f3n ante la competencia desleal.<\/p>\n<ul>\n<li>\u00a0 Registro de marcas y patentes.<\/li>\n<li>\u00a0 Farmac\u00e9utico.<\/li>\n<li>\u00a0 Propiedad industrial.<\/li>\n<li>\u00a0 Propiedad intelectual y protecci\u00f3n de datos<\/li>\n<\/ul>\n","protected":false},"excerpt":{"rendered":"<p>&nbsp; Prestamos asesor\u00eda en lo relativo a la adquisici\u00f3n, mantenimiento y protecci\u00f3n de los signos distintivos, de las patentes de invenci\u00f3n, de los modelos de utilidad y de los dise\u00f1os<\/p>\n","protected":false},"author":1,"featured_media":747,"parent":0,"menu_order":6,"comment_status":"closed","ping_status":"closed","template":"","meta":{"jetpack_post_was_ever_published":false,"footnotes":""},"class_list":["post-34","page","type-page","status-publish","has-post-thumbnail","hentry"],"jetpack_sharing_enabled":false,"jetpack_shortlink":"https:\/\/wp.me\/P1MVBD-y","_links":{"self":[{"href":"http:\/\/www.bufeteparedes.com\/main\/wp-json\/wp\/v2\/pages\/34","targetHints":{"allow":["GET"]}}],"collection":[{"href":"http:\/\/www.bufeteparedes.com\/main\/wp-json\/wp\/v2\/pages"}],"about":[{"href":"http:\/\/www.bufeteparedes.com\/main\/wp-json\/wp\/v2\/types\/page"}],"author":[{"embeddable":true,"href":"http:\/\/www.bufeteparedes.com\/main\/wp-json\/wp\/v2\/users\/1"}],"replies":[{"embeddable":true,"href":"http:\/\/www.bufeteparedes.com\/main\/wp-json\/wp\/v2\/comments?post=34"}],"version-history":[{"count":5,"href":"http:\/\/www.bufeteparedes.com\/main\/wp-json\/wp\/v2\/pages\/34\/revisions"}],"predecessor-version":[{"id":733,"href":"http:\/\/www.bufeteparedes.com\/main\/wp-json\/wp\/v2\/pages\/34\/revisions\/733"}],"wp:featuredmedia":[{"embeddable":true,"href":"http:\/\/www.bufeteparedes.com\/main\/wp-json\/wp\/v2\/media\/747"}],"wp:attachment":[{"href":"http:\/\/www.bufeteparedes.com\/main\/wp-json\/wp\/v2\/media?parent=34"}],"curies":[{"name":"wp","href":"https:\/\/api.w.org\/{rel}","templated":true}]}}