{"id":32,"date":"2011-08-21T20:18:50","date_gmt":"2011-08-21T20:18:50","guid":{"rendered":"http:\/\/www.bufeteparedes.com\/main\/?page_id=32"},"modified":"2018-11-05T20:57:12","modified_gmt":"2018-11-06T02:57:12","slug":"derecho-civil","status":"publish","type":"page","link":"http:\/\/www.bufeteparedes.com\/main\/derecho-civil\/","title":{"rendered":"Derecho Inmobiliario."},"content":{"rendered":"<p>&nbsp;<\/p>\n<p style=\"text-align: justify;\">Asesoramos en el \u00e1mbito del derecho inmobiliario en general, sobre el conjunto de derechos y obligaciones que se generan.\u00a0Nuestro equipo comprende la rapidez que exigen \u00a0los negocios inmobiliarios, y por esta raz\u00f3n est\u00e1 comprometido con el desarrollo de las mejores soluciones.<\/p>\n<p>Nuestros servicios en esta \u00e1rea incluyen entre otros:<\/p>\n<ul>\n<li><span style=\"line-height: 1.5;\">Auditor\u00eda legal inmobiliaria y de propiedades.<\/span><\/li>\n<li>Asesor\u00eda legal para el desarrollo de proyectos de bienes ra\u00edces.<\/li>\n<li>Asesor\u00eda en proyectos de construcci\u00f3n.<\/li>\n<li>Constituci\u00f3n de reg\u00edmenes de condominios \u00a0y propiedad horizontal.<\/li>\n<li><span style=\"line-height: 1.5;\">Asesor\u00eda en desarrollo urban\u00edstico.<\/span><\/li>\n<li>Obtenci\u00f3n de permisos de construcci\u00f3n y soluci\u00f3n de los conflictos conexos.<\/li>\n<\/ul>\n","protected":false},"excerpt":{"rendered":"<p>&nbsp; Asesoramos en el \u00e1mbito del derecho inmobiliario en general, sobre el conjunto de derechos y obligaciones que se generan.\u00a0Nuestro equipo comprende la rapidez que exigen \u00a0los negocios inmobiliarios, y<\/p>\n","protected":false},"author":1,"featured_media":744,"parent":0,"menu_order":3,"comment_status":"closed","ping_status":"closed","template":"","meta":{"jetpack_post_was_ever_published":false,"footnotes":""},"class_list":["post-32","page","type-page","status-publish","has-post-thumbnail","hentry"],"jetpack_sharing_enabled":false,"jetpack_shortlink":"https:\/\/wp.me\/P1MVBD-w","_links":{"self":[{"href":"http:\/\/www.bufeteparedes.com\/main\/wp-json\/wp\/v2\/pages\/32","targetHints":{"allow":["GET"]}}],"collection":[{"href":"http:\/\/www.bufeteparedes.com\/main\/wp-json\/wp\/v2\/pages"}],"about":[{"href":"http:\/\/www.bufeteparedes.com\/main\/wp-json\/wp\/v2\/types\/page"}],"author":[{"embeddable":true,"href":"http:\/\/www.bufeteparedes.com\/main\/wp-json\/wp\/v2\/users\/1"}],"replies":[{"embeddable":true,"href":"http:\/\/www.bufeteparedes.com\/main\/wp-json\/wp\/v2\/comments?post=32"}],"version-history":[{"count":12,"href":"http:\/\/www.bufeteparedes.com\/main\/wp-json\/wp\/v2\/pages\/32\/revisions"}],"predecessor-version":[{"id":700,"href":"http:\/\/www.bufeteparedes.com\/main\/wp-json\/wp\/v2\/pages\/32\/revisions\/700"}],"wp:featuredmedia":[{"embeddable":true,"href":"http:\/\/www.bufeteparedes.com\/main\/wp-json\/wp\/v2\/media\/744"}],"wp:attachment":[{"href":"http:\/\/www.bufeteparedes.com\/main\/wp-json\/wp\/v2\/media?parent=32"}],"curies":[{"name":"wp","href":"https:\/\/api.w.org\/{rel}","templated":true}]}}