{"id":29,"date":"2011-08-21T20:17:29","date_gmt":"2011-08-21T20:17:29","guid":{"rendered":"http:\/\/www.bufeteparedes.com\/main\/?page_id=29"},"modified":"2018-11-05T20:47:10","modified_gmt":"2018-11-06T02:47:10","slug":"derecho-mercantil","status":"publish","type":"page","link":"http:\/\/www.bufeteparedes.com\/main\/derecho-mercantil\/","title":{"rendered":"Derecho Mercantil"},"content":{"rendered":"<p>&nbsp;<\/p>\n<p style=\"text-align: justify;\">Brindamos a las empresas el soporte legal necesario en las relaciones de comercio que se entablan, d\u00e1ndoles una serie de instrumentos que les permiten realizar transacciones mercantiles seguras. En caso de surgir alg\u00fan conflicto en las relaciones en marcha, las asesoramos para buscar la soluci\u00f3n m\u00e1s justa y eficaz en un plazo corto, y si no se logra entablamos las acciones necesarias para su soluci\u00f3n por medio del Arbitraje Comercial o en la v\u00eda judicial.<\/p>\n","protected":false},"excerpt":{"rendered":"<p>&nbsp; Brindamos a las empresas el soporte legal necesario en las relaciones de comercio que se entablan, d\u00e1ndoles una serie de instrumentos que les permiten realizar transacciones mercantiles seguras. En<\/p>\n","protected":false},"author":1,"featured_media":738,"parent":0,"menu_order":1,"comment_status":"closed","ping_status":"closed","template":"","meta":{"jetpack_post_was_ever_published":false,"footnotes":""},"class_list":["post-29","page","type-page","status-publish","has-post-thumbnail","hentry"],"jetpack_sharing_enabled":false,"jetpack_shortlink":"https:\/\/wp.me\/P1MVBD-t","_links":{"self":[{"href":"http:\/\/www.bufeteparedes.com\/main\/wp-json\/wp\/v2\/pages\/29","targetHints":{"allow":["GET"]}}],"collection":[{"href":"http:\/\/www.bufeteparedes.com\/main\/wp-json\/wp\/v2\/pages"}],"about":[{"href":"http:\/\/www.bufeteparedes.com\/main\/wp-json\/wp\/v2\/types\/page"}],"author":[{"embeddable":true,"href":"http:\/\/www.bufeteparedes.com\/main\/wp-json\/wp\/v2\/users\/1"}],"replies":[{"embeddable":true,"href":"http:\/\/www.bufeteparedes.com\/main\/wp-json\/wp\/v2\/comments?post=29"}],"version-history":[{"count":13,"href":"http:\/\/www.bufeteparedes.com\/main\/wp-json\/wp\/v2\/pages\/29\/revisions"}],"predecessor-version":[{"id":740,"href":"http:\/\/www.bufeteparedes.com\/main\/wp-json\/wp\/v2\/pages\/29\/revisions\/740"}],"wp:featuredmedia":[{"embeddable":true,"href":"http:\/\/www.bufeteparedes.com\/main\/wp-json\/wp\/v2\/media\/738"}],"wp:attachment":[{"href":"http:\/\/www.bufeteparedes.com\/main\/wp-json\/wp\/v2\/media?parent=29"}],"curies":[{"name":"wp","href":"https:\/\/api.w.org\/{rel}","templated":true}]}}