{"id":27,"date":"2011-08-21T20:15:27","date_gmt":"2011-08-21T20:15:27","guid":{"rendered":"http:\/\/www.bufeteparedes.com\/main\/?page_id=27"},"modified":"2018-11-05T20:53:21","modified_gmt":"2018-11-06T02:53:21","slug":"derecho-fiscal","status":"publish","type":"page","link":"http:\/\/www.bufeteparedes.com\/main\/derecho-fiscal\/","title":{"rendered":"Derecho Fiscal"},"content":{"rendered":"<p>Defendemos al contribuyente frente a SAT<\/p>\n<p style=\"text-align: justify;\">Asumimos la defensa de empresas en el \u00e1mbito fiscal ante ajustes o reclamaciones por parte de la Superintendencia de Administraci\u00f3n Tributaria (SAT). Nuestro asesoramiento es brindado desde el primer momento en que la Administraci\u00f3n Tributaria hace presencia en la empresa. En el \u00e1mbito penal llevamos la defensa en procesos instruidos en contra de Representantes Legales de entidades mercantiles y civiles. Nuestros principales servicios en esta materia son:<\/p>\n<ul>\n<li>Asesor\u00eda sobre efectos fiscales de decisiones empresariales.<\/li>\n<li>Defensa ante ajustes fiscales.<\/li>\n<li>Defensa ante sanciones administrativas.<\/li>\n<li>Juicio Contencioso Administrativo<\/li>\n<li>Juicio Econ\u00f3mico Coactivo<\/li>\n<li>Procesos penales vinculados con el \u00e1mbito tributario<\/li>\n<\/ul>\n","protected":false},"excerpt":{"rendered":"<p>Defendemos al contribuyente frente a SAT Asumimos la defensa de empresas en el \u00e1mbito fiscal ante ajustes o reclamaciones por parte de la Superintendencia de Administraci\u00f3n Tributaria (SAT). Nuestro asesoramiento<\/p>\n","protected":false},"author":1,"featured_media":743,"parent":0,"menu_order":2,"comment_status":"closed","ping_status":"closed","template":"","meta":{"jetpack_post_was_ever_published":false,"footnotes":""},"class_list":["post-27","page","type-page","status-publish","has-post-thumbnail","hentry"],"jetpack_sharing_enabled":false,"jetpack_shortlink":"https:\/\/wp.me\/P1MVBD-r","_links":{"self":[{"href":"http:\/\/www.bufeteparedes.com\/main\/wp-json\/wp\/v2\/pages\/27","targetHints":{"allow":["GET"]}}],"collection":[{"href":"http:\/\/www.bufeteparedes.com\/main\/wp-json\/wp\/v2\/pages"}],"about":[{"href":"http:\/\/www.bufeteparedes.com\/main\/wp-json\/wp\/v2\/types\/page"}],"author":[{"embeddable":true,"href":"http:\/\/www.bufeteparedes.com\/main\/wp-json\/wp\/v2\/users\/1"}],"replies":[{"embeddable":true,"href":"http:\/\/www.bufeteparedes.com\/main\/wp-json\/wp\/v2\/comments?post=27"}],"version-history":[{"count":10,"href":"http:\/\/www.bufeteparedes.com\/main\/wp-json\/wp\/v2\/pages\/27\/revisions"}],"predecessor-version":[{"id":721,"href":"http:\/\/www.bufeteparedes.com\/main\/wp-json\/wp\/v2\/pages\/27\/revisions\/721"}],"wp:featuredmedia":[{"embeddable":true,"href":"http:\/\/www.bufeteparedes.com\/main\/wp-json\/wp\/v2\/media\/743"}],"wp:attachment":[{"href":"http:\/\/www.bufeteparedes.com\/main\/wp-json\/wp\/v2\/media?parent=27"}],"curies":[{"name":"wp","href":"https:\/\/api.w.org\/{rel}","templated":true}]}}