{"id":163,"date":"2011-09-03T02:19:31","date_gmt":"2011-09-03T02:19:31","guid":{"rendered":"http:\/\/www.bufeteparedes.com\/main\/inicio\/?page_id=163"},"modified":"2018-11-15T20:11:30","modified_gmt":"2018-11-16T02:11:30","slug":"investigacion-y-desarrollo","status":"publish","type":"page","link":"http:\/\/www.bufeteparedes.com\/main\/investigacion-y-desarrollo\/","title":{"rendered":"Investigaci\u00f3n y desarrollo"},"content":{"rendered":"<p>&nbsp;<\/p>\n<p style=\"text-align: justify;\">El bufete busca contribuir al fortalecimiento del Estado de Derecho en Guatemala, a trav\u00e9s de la participaci\u00f3n de sus miembros y otros Abogados\u00a0 en la investigaci\u00f3n y an\u00e1lisis de aspectos relacionados con el Derecho como ciencia. Es por ello, que en el despacho se promueven mesas de estudio en su sede, que tienen por objeto la discusi\u00f3n de temas de inter\u00e9s entre varios juristas y las conclusiones se publican en este apartado, ya sea de forma escrita o bien mediante videos cortos.<\/p>\n<p style=\"text-align: justify;\">Adem\u00e1s se busca constantemente tener\u00a0informaci\u00f3n que tiene por objeto mantener actualizados a nuestros clientes sobre temas de inter\u00e9s que surgen derivados de las reformas a leyes, emisi\u00f3n de \u00e9stas, sentencias o antecedentes en las actuaciones administrativas y judiciales.<\/p>\n<div style=\"text-align: justify;\"><\/div>\n<div><\/div>\n","protected":false},"excerpt":{"rendered":"<p>&nbsp; El bufete busca contribuir al fortalecimiento del Estado de Derecho en Guatemala, a trav\u00e9s de la participaci\u00f3n de sus miembros y otros Abogados\u00a0 en la investigaci\u00f3n y an\u00e1lisis de<\/p>\n","protected":false},"author":1,"featured_media":748,"parent":0,"menu_order":7,"comment_status":"closed","ping_status":"closed","template":"","meta":{"jetpack_post_was_ever_published":false,"footnotes":""},"class_list":["post-163","page","type-page","status-publish","has-post-thumbnail","hentry"],"jetpack_sharing_enabled":false,"jetpack_shortlink":"https:\/\/wp.me\/P1MVBD-2D","_links":{"self":[{"href":"http:\/\/www.bufeteparedes.com\/main\/wp-json\/wp\/v2\/pages\/163","targetHints":{"allow":["GET"]}}],"collection":[{"href":"http:\/\/www.bufeteparedes.com\/main\/wp-json\/wp\/v2\/pages"}],"about":[{"href":"http:\/\/www.bufeteparedes.com\/main\/wp-json\/wp\/v2\/types\/page"}],"author":[{"embeddable":true,"href":"http:\/\/www.bufeteparedes.com\/main\/wp-json\/wp\/v2\/users\/1"}],"replies":[{"embeddable":true,"href":"http:\/\/www.bufeteparedes.com\/main\/wp-json\/wp\/v2\/comments?post=163"}],"version-history":[{"count":10,"href":"http:\/\/www.bufeteparedes.com\/main\/wp-json\/wp\/v2\/pages\/163\/revisions"}],"predecessor-version":[{"id":735,"href":"http:\/\/www.bufeteparedes.com\/main\/wp-json\/wp\/v2\/pages\/163\/revisions\/735"}],"wp:featuredmedia":[{"embeddable":true,"href":"http:\/\/www.bufeteparedes.com\/main\/wp-json\/wp\/v2\/media\/748"}],"wp:attachment":[{"href":"http:\/\/www.bufeteparedes.com\/main\/wp-json\/wp\/v2\/media?parent=163"}],"curies":[{"name":"wp","href":"https:\/\/api.w.org\/{rel}","templated":true}]}}