{"id":16,"date":"2011-08-21T19:40:19","date_gmt":"2011-08-21T19:40:19","guid":{"rendered":"http:\/\/www.bufeteparedes.com\/main\/?page_id=16"},"modified":"2018-10-27T14:47:34","modified_gmt":"2018-10-27T20:47:34","slug":"practica-legal","status":"publish","type":"page","link":"http:\/\/www.bufeteparedes.com\/main\/practica-legal\/","title":{"rendered":"Pr\u00e1ctica legal"},"content":{"rendered":"<p>&nbsp;<\/p>\n<p style=\"text-align: justify;\">Nuestra firma ofrece a sus clientes asesor\u00eda especializada en los ramos que se indican en el portafolio de servicios. Buscamos que quienes requieren nuestros servicios, cuenten con una asesor\u00eda personalizada que garantice no s\u00f3lo la b\u00fasqueda constante de los mejores resultados, sino que tambi\u00e9n una comunicaci\u00f3n fluida y directa con el Abogado responsable del caso.<\/p>\n<p>En nuestro despacho, el abogado que asume el caso mantiene una comunicaci\u00f3n directa y continuada con el cliente, nuestro equipo de asistentes y procuradores, \u00fanicamente intervienen en la gesti\u00f3n interna del despacho y en las dependencias publicas y tribunales. Los Abogados que se encargan de los respectivos casos est\u00e1n especializados en la materia que su ocupan.<\/p>\n","protected":false},"excerpt":{"rendered":"<p>&nbsp; Nuestra firma ofrece a sus clientes asesor\u00eda especializada en los ramos que se indican en el portafolio de servicios. Buscamos que quienes requieren nuestros servicios, cuenten con una asesor\u00eda<\/p>\n","protected":false},"author":1,"featured_media":0,"parent":0,"menu_order":0,"comment_status":"closed","ping_status":"closed","template":"","meta":{"jetpack_post_was_ever_published":false,"footnotes":""},"class_list":["post-16","page","type-page","status-publish","hentry"],"jetpack_sharing_enabled":false,"jetpack_shortlink":"https:\/\/wp.me\/P1MVBD-g","_links":{"self":[{"href":"http:\/\/www.bufeteparedes.com\/main\/wp-json\/wp\/v2\/pages\/16","targetHints":{"allow":["GET"]}}],"collection":[{"href":"http:\/\/www.bufeteparedes.com\/main\/wp-json\/wp\/v2\/pages"}],"about":[{"href":"http:\/\/www.bufeteparedes.com\/main\/wp-json\/wp\/v2\/types\/page"}],"author":[{"embeddable":true,"href":"http:\/\/www.bufeteparedes.com\/main\/wp-json\/wp\/v2\/users\/1"}],"replies":[{"embeddable":true,"href":"http:\/\/www.bufeteparedes.com\/main\/wp-json\/wp\/v2\/comments?post=16"}],"version-history":[{"count":11,"href":"http:\/\/www.bufeteparedes.com\/main\/wp-json\/wp\/v2\/pages\/16\/revisions"}],"predecessor-version":[{"id":732,"href":"http:\/\/www.bufeteparedes.com\/main\/wp-json\/wp\/v2\/pages\/16\/revisions\/732"}],"wp:attachment":[{"href":"http:\/\/www.bufeteparedes.com\/main\/wp-json\/wp\/v2\/media?parent=16"}],"curies":[{"name":"wp","href":"https:\/\/api.w.org\/{rel}","templated":true}]}}