{"id":12,"date":"2011-08-21T19:38:11","date_gmt":"2011-08-21T19:38:11","guid":{"rendered":"http:\/\/www.bufeteparedes.com\/main\/?page_id=12"},"modified":"2020-05-18T13:41:00","modified_gmt":"2020-05-18T19:41:00","slug":"nuestra-firma","status":"publish","type":"page","link":"http:\/\/www.bufeteparedes.com\/main\/nuestra-firma\/","title":{"rendered":"Nuestra Firma"},"content":{"rendered":"<p>&nbsp;<\/p>\n<p>COMPROMETIDOS CON EL SERVICIO Y LA ATENCI\u00d3N PERSONALIZADA<\/p>\n<p style=\"text-align: justify;\">Somos una firma de abogados radicada en Ciudad de Guatemala que desde hace m\u00e1s de veinte a\u00f1os presta a empresas y organizaciones servicios jur\u00eddicos, a trav\u00e9s de un equipo de profesionales, organizados con el fin de responder a las necesidades de nuestros clientes.<\/p>\n<p style=\"text-align: justify;\">Aspiramos a distinguirnos por la calidad y eficacia de nuestro asesoramiento, por la aptitud para la innovaci\u00f3n, el dinamismo y el servicio personalizado.<\/p>\n<p>El despacho presta a empresas y organizaciones los servicios jur\u00eddicos necesarios para afrontar con eficacia los retos que presenta hoy en d\u00eda la globalizaci\u00f3n sobre todo desde Rep\u00fablica de Guatemala que principalmente por su ubicaci\u00f3n geogr\u00e1fica tiene grandes fuentes de oportunidad. Adem\u00e1s, busca constituirse en un ente que incida en el campo jur\u00eddico-mercantil, principalmente apoyando a las empresas y organizaciones que realizan su actividad desde la Ciudad de Guatemala.<\/p>\n<div>\n<p>&nbsp;<\/p>\n<\/div>\n","protected":false},"excerpt":{"rendered":"<p>&nbsp; COMPROMETIDOS CON EL SERVICIO Y LA ATENCI\u00d3N PERSONALIZADA Somos una firma de abogados radicada en Ciudad de Guatemala que desde hace m\u00e1s de veinte a\u00f1os presta a empresas y<\/p>\n","protected":false},"author":1,"featured_media":749,"parent":0,"menu_order":0,"comment_status":"closed","ping_status":"closed","template":"","meta":{"jetpack_post_was_ever_published":false,"footnotes":""},"class_list":["post-12","page","type-page","status-publish","has-post-thumbnail","hentry"],"jetpack_sharing_enabled":false,"jetpack_shortlink":"https:\/\/wp.me\/P1MVBD-c","_links":{"self":[{"href":"http:\/\/www.bufeteparedes.com\/main\/wp-json\/wp\/v2\/pages\/12","targetHints":{"allow":["GET"]}}],"collection":[{"href":"http:\/\/www.bufeteparedes.com\/main\/wp-json\/wp\/v2\/pages"}],"about":[{"href":"http:\/\/www.bufeteparedes.com\/main\/wp-json\/wp\/v2\/types\/page"}],"author":[{"embeddable":true,"href":"http:\/\/www.bufeteparedes.com\/main\/wp-json\/wp\/v2\/users\/1"}],"replies":[{"embeddable":true,"href":"http:\/\/www.bufeteparedes.com\/main\/wp-json\/wp\/v2\/comments?post=12"}],"version-history":[{"count":35,"href":"http:\/\/www.bufeteparedes.com\/main\/wp-json\/wp\/v2\/pages\/12\/revisions"}],"predecessor-version":[{"id":760,"href":"http:\/\/www.bufeteparedes.com\/main\/wp-json\/wp\/v2\/pages\/12\/revisions\/760"}],"wp:featuredmedia":[{"embeddable":true,"href":"http:\/\/www.bufeteparedes.com\/main\/wp-json\/wp\/v2\/media\/749"}],"wp:attachment":[{"href":"http:\/\/www.bufeteparedes.com\/main\/wp-json\/wp\/v2\/media?parent=12"}],"curies":[{"name":"wp","href":"https:\/\/api.w.org\/{rel}","templated":true}]}}